{"id":16,"date":"2026-03-06T10:47:27","date_gmt":"2026-03-06T10:47:27","guid":{"rendered":"http:\/\/pracowniamodelarska.pl\/?page_id=16"},"modified":"2026-03-06T15:01:18","modified_gmt":"2026-03-06T15:01:18","slug":"o-pracowni-modelarskiej","status":"publish","type":"page","link":"http:\/\/pracowniamodelarska.pl\/index.php\/o-pracowni-modelarskiej\/","title":{"rendered":"O pracowni modelarskiej"},"content":{"rendered":"\n<h2 class=\"wp-block-heading\">Witryna&nbsp;<strong>Pracownia Modelarska<\/strong>&nbsp;powsta\u0142a 7 stycznia 2010 w celu prezentacji kilkudziesi\u0119ciu lat pracy tw\u00f3rczej Piotra Gordon.&nbsp;<\/h2>\n\n\n\n<div class=\"wp-block-columns is-layout-flex wp-container-core-columns-is-layout-28f84493 wp-block-columns-is-layout-flex\">\n<div class=\"wp-block-column is-layout-flow wp-block-column-is-layout-flow\">\n<figure class=\"wp-block-image size-large\"><img loading=\"lazy\" decoding=\"async\" width=\"1024\" height=\"683\" src=\"http:\/\/pracowniamodelarska.pl\/wp-content\/uploads\/2026\/03\/pracownia-modelarska-pg-1024x683.jpg\" alt=\"\" class=\"wp-image-85\" style=\"aspect-ratio:1;object-fit:cover\" srcset=\"http:\/\/pracowniamodelarska.pl\/wp-content\/uploads\/2026\/03\/pracownia-modelarska-pg-1024x683.jpg 1024w, http:\/\/pracowniamodelarska.pl\/wp-content\/uploads\/2026\/03\/pracownia-modelarska-pg-300x200.jpg 300w, http:\/\/pracowniamodelarska.pl\/wp-content\/uploads\/2026\/03\/pracownia-modelarska-pg-768x512.jpg 768w, http:\/\/pracowniamodelarska.pl\/wp-content\/uploads\/2026\/03\/pracownia-modelarska-pg.jpg 1086w\" sizes=\"auto, (max-width: 1024px) 100vw, 1024px\" \/><\/figure>\n<\/div>\n\n\n\n<div class=\"wp-block-column is-layout-flow wp-block-column-is-layout-flow\">\n<blockquote class=\"wp-block-quote is-layout-flow wp-block-quote-is-layout-flow\">\n<p>Pracownia Modelarska powsta\u0142a z wielkiej pasji, jak\u0105 jest budowa modeli.&nbsp;<\/p>\n<\/blockquote>\n\n\n\n<p>Znajdziecie tu Pa\u0144stwo szerok\u0105 galeri\u0119 modeli gotowych, jak r\u00f3wnie\u017c b\u0119dziecie mogli \u015bledzi\u0107 powstawanie nowych.<\/p>\n\n\n\n<p>Pracownia Modelarska daje Pa\u0144stwu szans\u0119 na ciekawe i stylowe urz\u0105dzenie ka\u017cdego wn\u0119trza. Mo\u017cecie Pa\u0144stwo ozdobi\u0107 swoje mieszkanie, biuro lub dom oryginalnym, pi\u0119knie wykonanym modelem okr\u0119tu, czo\u0142gu czy samolotu. <\/p>\n\n\n\n<p>Dajemy Pa\u0144stwu mo\u017cliwo\u015b\u0107 kupna modelu gotowego lub z\u0142o\u017cenia zam\u00f3wienia na wykonanie modelu kt\u00f3ry sami wybrali\u015bcie. <\/p>\n\n\n\n<p>Mo\u017cecie Pa\u0144stwo r\u00f3wnie\u017c liczy\u0107 na pomoc z naszej strony przy wyborze odpowiedniego modelu.<\/p>\n<\/div>\n<\/div>\n","protected":false},"excerpt":{"rendered":"<p>Witryna&nbsp;Pracownia Modelarska&nbsp;powsta\u0142a 7 stycznia 2010 w celu prezentacji kilkudziesi\u0119ciu lat pracy tw\u00f3rczej Piotra Gordon.&nbsp; Pracownia Modelarska powsta\u0142a z wielkiej pasji, jak\u0105 jest budowa modeli.&nbsp; Znajdziecie tu Pa\u0144stwo szerok\u0105 galeri\u0119 modeli gotowych, jak r\u00f3wnie\u017c b\u0119dziecie mogli \u015bledzi\u0107 powstawanie nowych. Pracownia Modelarska daje Pa\u0144stwu szans\u0119 na ciekawe i stylowe urz\u0105dzenie ka\u017cdego wn\u0119trza. Mo\u017cecie Pa\u0144stwo ozdobi\u0107 swoje mieszkanie, [&hellip;]<\/p>\n","protected":false},"author":1,"featured_media":0,"parent":0,"menu_order":0,"comment_status":"closed","ping_status":"closed","template":"","meta":{"footnotes":""},"class_list":["post-16","page","type-page","status-publish","hentry"],"yoast_head":"<!-- This site is optimized with the Yoast SEO plugin v27.4 - https:\/\/yoast.com\/product\/yoast-seo-wordpress\/ -->\n<title>O pracowni modelarskiej - PRACOWNIA MODELARSKA<\/title>\n<meta name=\"robots\" content=\"index, follow, max-snippet:-1, max-image-preview:large, max-video-preview:-1\" \/>\n<link rel=\"canonical\" href=\"http:\/\/pracowniamodelarska.pl\/index.php\/o-pracowni-modelarskiej\/\" \/>\n<meta property=\"og:locale\" content=\"pl_PL\" \/>\n<meta property=\"og:type\" content=\"article\" \/>\n<meta property=\"og:title\" content=\"O pracowni modelarskiej - PRACOWNIA MODELARSKA\" \/>\n<meta property=\"og:description\" content=\"Witryna&nbsp;Pracownia Modelarska&nbsp;powsta\u0142a 7 stycznia 2010 w celu prezentacji kilkudziesi\u0119ciu lat pracy tw\u00f3rczej Piotra Gordon.&nbsp; Pracownia Modelarska powsta\u0142a z wielkiej pasji, jak\u0105 jest budowa modeli.&nbsp; Znajdziecie tu Pa\u0144stwo szerok\u0105 galeri\u0119 modeli gotowych, jak r\u00f3wnie\u017c b\u0119dziecie mogli \u015bledzi\u0107 powstawanie nowych. Pracownia Modelarska daje Pa\u0144stwu szans\u0119 na ciekawe i stylowe urz\u0105dzenie ka\u017cdego wn\u0119trza. Mo\u017cecie Pa\u0144stwo ozdobi\u0107 swoje mieszkanie, [&hellip;]\" \/>\n<meta property=\"og:url\" content=\"http:\/\/pracowniamodelarska.pl\/index.php\/o-pracowni-modelarskiej\/\" \/>\n<meta property=\"og:site_name\" content=\"PRACOWNIA MODELARSKA\" \/>\n<meta property=\"article:modified_time\" content=\"2026-03-06T15:01:18+00:00\" \/>\n<meta property=\"og:image\" content=\"http:\/\/pracowniamodelarska.pl\/wp-content\/uploads\/2026\/03\/pracownia-modelarska-pg-1024x683.jpg\" \/>\n<meta name=\"twitter:card\" content=\"summary_large_image\" \/>\n<meta name=\"twitter:label1\" content=\"Szacowany czas czytania\" \/>\n\t<meta name=\"twitter:data1\" content=\"1 minuta\" \/>\n<script type=\"application\/ld+json\" class=\"yoast-schema-graph\">{\"@context\":\"https:\\\/\\\/schema.org\",\"@graph\":[{\"@type\":\"WebPage\",\"@id\":\"http:\\\/\\\/pracowniamodelarska.pl\\\/index.php\\\/o-pracowni-modelarskiej\\\/\",\"url\":\"http:\\\/\\\/pracowniamodelarska.pl\\\/index.php\\\/o-pracowni-modelarskiej\\\/\",\"name\":\"O pracowni modelarskiej - PRACOWNIA MODELARSKA\",\"isPartOf\":{\"@id\":\"https:\\\/\\\/pracowniamodelarska.pl\\\/#website\"},\"primaryImageOfPage\":{\"@id\":\"http:\\\/\\\/pracowniamodelarska.pl\\\/index.php\\\/o-pracowni-modelarskiej\\\/#primaryimage\"},\"image\":{\"@id\":\"http:\\\/\\\/pracowniamodelarska.pl\\\/index.php\\\/o-pracowni-modelarskiej\\\/#primaryimage\"},\"thumbnailUrl\":\"http:\\\/\\\/pracowniamodelarska.pl\\\/wp-content\\\/uploads\\\/2026\\\/03\\\/pracownia-modelarska-pg-1024x683.jpg\",\"datePublished\":\"2026-03-06T10:47:27+00:00\",\"dateModified\":\"2026-03-06T15:01:18+00:00\",\"breadcrumb\":{\"@id\":\"http:\\\/\\\/pracowniamodelarska.pl\\\/index.php\\\/o-pracowni-modelarskiej\\\/#breadcrumb\"},\"inLanguage\":\"pl-PL\",\"potentialAction\":[{\"@type\":\"ReadAction\",\"target\":[\"http:\\\/\\\/pracowniamodelarska.pl\\\/index.php\\\/o-pracowni-modelarskiej\\\/\"]}]},{\"@type\":\"ImageObject\",\"inLanguage\":\"pl-PL\",\"@id\":\"http:\\\/\\\/pracowniamodelarska.pl\\\/index.php\\\/o-pracowni-modelarskiej\\\/#primaryimage\",\"url\":\"http:\\\/\\\/pracowniamodelarska.pl\\\/wp-content\\\/uploads\\\/2026\\\/03\\\/pracownia-modelarska-pg.jpg\",\"contentUrl\":\"http:\\\/\\\/pracowniamodelarska.pl\\\/wp-content\\\/uploads\\\/2026\\\/03\\\/pracownia-modelarska-pg.jpg\",\"width\":1086,\"height\":724},{\"@type\":\"BreadcrumbList\",\"@id\":\"http:\\\/\\\/pracowniamodelarska.pl\\\/index.php\\\/o-pracowni-modelarskiej\\\/#breadcrumb\",\"itemListElement\":[{\"@type\":\"ListItem\",\"position\":1,\"name\":\"Strona g\u0142\u00f3wna\",\"item\":\"https:\\\/\\\/pracowniamodelarska.pl\\\/\"},{\"@type\":\"ListItem\",\"position\":2,\"name\":\"O pracowni modelarskiej\"}]},{\"@type\":\"WebSite\",\"@id\":\"https:\\\/\\\/pracowniamodelarska.pl\\\/#website\",\"url\":\"https:\\\/\\\/pracowniamodelarska.pl\\\/\",\"name\":\"PRACOWNIA MODELARSKA\",\"description\":\"pasja tworzenia modeli\",\"publisher\":{\"@id\":\"https:\\\/\\\/pracowniamodelarska.pl\\\/#organization\"},\"potentialAction\":[{\"@type\":\"SearchAction\",\"target\":{\"@type\":\"EntryPoint\",\"urlTemplate\":\"https:\\\/\\\/pracowniamodelarska.pl\\\/?s={search_term_string}\"},\"query-input\":{\"@type\":\"PropertyValueSpecification\",\"valueRequired\":true,\"valueName\":\"search_term_string\"}}],\"inLanguage\":\"pl-PL\"},{\"@type\":\"Organization\",\"@id\":\"https:\\\/\\\/pracowniamodelarska.pl\\\/#organization\",\"name\":\"PRACOWNIA MODELARSKA\",\"url\":\"https:\\\/\\\/pracowniamodelarska.pl\\\/\",\"logo\":{\"@type\":\"ImageObject\",\"inLanguage\":\"pl-PL\",\"@id\":\"https:\\\/\\\/pracowniamodelarska.pl\\\/#\\\/schema\\\/logo\\\/image\\\/\",\"url\":\"http:\\\/\\\/pracowniamodelarska.pl\\\/wp-content\\\/uploads\\\/2026\\\/03\\\/pracownia-modelarska-logo-tt.jpg\",\"contentUrl\":\"http:\\\/\\\/pracowniamodelarska.pl\\\/wp-content\\\/uploads\\\/2026\\\/03\\\/pracownia-modelarska-logo-tt.jpg\",\"width\":1024,\"height\":1024,\"caption\":\"PRACOWNIA MODELARSKA\"},\"image\":{\"@id\":\"https:\\\/\\\/pracowniamodelarska.pl\\\/#\\\/schema\\\/logo\\\/image\\\/\"}}]}<\/script>\n<!-- \/ Yoast SEO plugin. -->","yoast_head_json":{"title":"O pracowni modelarskiej - PRACOWNIA MODELARSKA","robots":{"index":"index","follow":"follow","max-snippet":"max-snippet:-1","max-image-preview":"max-image-preview:large","max-video-preview":"max-video-preview:-1"},"canonical":"http:\/\/pracowniamodelarska.pl\/index.php\/o-pracowni-modelarskiej\/","og_locale":"pl_PL","og_type":"article","og_title":"O pracowni modelarskiej - PRACOWNIA MODELARSKA","og_description":"Witryna&nbsp;Pracownia Modelarska&nbsp;powsta\u0142a 7 stycznia 2010 w celu prezentacji kilkudziesi\u0119ciu lat pracy tw\u00f3rczej Piotra Gordon.&nbsp; Pracownia Modelarska powsta\u0142a z wielkiej pasji, jak\u0105 jest budowa modeli.&nbsp; Znajdziecie tu Pa\u0144stwo szerok\u0105 galeri\u0119 modeli gotowych, jak r\u00f3wnie\u017c b\u0119dziecie mogli \u015bledzi\u0107 powstawanie nowych. Pracownia Modelarska daje Pa\u0144stwu szans\u0119 na ciekawe i stylowe urz\u0105dzenie ka\u017cdego wn\u0119trza. Mo\u017cecie Pa\u0144stwo ozdobi\u0107 swoje mieszkanie, [&hellip;]","og_url":"http:\/\/pracowniamodelarska.pl\/index.php\/o-pracowni-modelarskiej\/","og_site_name":"PRACOWNIA MODELARSKA","article_modified_time":"2026-03-06T15:01:18+00:00","og_image":[{"url":"http:\/\/pracowniamodelarska.pl\/wp-content\/uploads\/2026\/03\/pracownia-modelarska-pg-1024x683.jpg","type":"","width":"","height":""}],"twitter_card":"summary_large_image","twitter_misc":{"Szacowany czas czytania":"1 minuta"},"schema":{"@context":"https:\/\/schema.org","@graph":[{"@type":"WebPage","@id":"http:\/\/pracowniamodelarska.pl\/index.php\/o-pracowni-modelarskiej\/","url":"http:\/\/pracowniamodelarska.pl\/index.php\/o-pracowni-modelarskiej\/","name":"O pracowni modelarskiej - PRACOWNIA MODELARSKA","isPartOf":{"@id":"https:\/\/pracowniamodelarska.pl\/#website"},"primaryImageOfPage":{"@id":"http:\/\/pracowniamodelarska.pl\/index.php\/o-pracowni-modelarskiej\/#primaryimage"},"image":{"@id":"http:\/\/pracowniamodelarska.pl\/index.php\/o-pracowni-modelarskiej\/#primaryimage"},"thumbnailUrl":"http:\/\/pracowniamodelarska.pl\/wp-content\/uploads\/2026\/03\/pracownia-modelarska-pg-1024x683.jpg","datePublished":"2026-03-06T10:47:27+00:00","dateModified":"2026-03-06T15:01:18+00:00","breadcrumb":{"@id":"http:\/\/pracowniamodelarska.pl\/index.php\/o-pracowni-modelarskiej\/#breadcrumb"},"inLanguage":"pl-PL","potentialAction":[{"@type":"ReadAction","target":["http:\/\/pracowniamodelarska.pl\/index.php\/o-pracowni-modelarskiej\/"]}]},{"@type":"ImageObject","inLanguage":"pl-PL","@id":"http:\/\/pracowniamodelarska.pl\/index.php\/o-pracowni-modelarskiej\/#primaryimage","url":"http:\/\/pracowniamodelarska.pl\/wp-content\/uploads\/2026\/03\/pracownia-modelarska-pg.jpg","contentUrl":"http:\/\/pracowniamodelarska.pl\/wp-content\/uploads\/2026\/03\/pracownia-modelarska-pg.jpg","width":1086,"height":724},{"@type":"BreadcrumbList","@id":"http:\/\/pracowniamodelarska.pl\/index.php\/o-pracowni-modelarskiej\/#breadcrumb","itemListElement":[{"@type":"ListItem","position":1,"name":"Strona g\u0142\u00f3wna","item":"https:\/\/pracowniamodelarska.pl\/"},{"@type":"ListItem","position":2,"name":"O pracowni modelarskiej"}]},{"@type":"WebSite","@id":"https:\/\/pracowniamodelarska.pl\/#website","url":"https:\/\/pracowniamodelarska.pl\/","name":"PRACOWNIA MODELARSKA","description":"pasja tworzenia modeli","publisher":{"@id":"https:\/\/pracowniamodelarska.pl\/#organization"},"potentialAction":[{"@type":"SearchAction","target":{"@type":"EntryPoint","urlTemplate":"https:\/\/pracowniamodelarska.pl\/?s={search_term_string}"},"query-input":{"@type":"PropertyValueSpecification","valueRequired":true,"valueName":"search_term_string"}}],"inLanguage":"pl-PL"},{"@type":"Organization","@id":"https:\/\/pracowniamodelarska.pl\/#organization","name":"PRACOWNIA MODELARSKA","url":"https:\/\/pracowniamodelarska.pl\/","logo":{"@type":"ImageObject","inLanguage":"pl-PL","@id":"https:\/\/pracowniamodelarska.pl\/#\/schema\/logo\/image\/","url":"http:\/\/pracowniamodelarska.pl\/wp-content\/uploads\/2026\/03\/pracownia-modelarska-logo-tt.jpg","contentUrl":"http:\/\/pracowniamodelarska.pl\/wp-content\/uploads\/2026\/03\/pracownia-modelarska-logo-tt.jpg","width":1024,"height":1024,"caption":"PRACOWNIA MODELARSKA"},"image":{"@id":"https:\/\/pracowniamodelarska.pl\/#\/schema\/logo\/image\/"}}]}},"_links":{"self":[{"href":"http:\/\/pracowniamodelarska.pl\/index.php\/wp-json\/wp\/v2\/pages\/16","targetHints":{"allow":["GET"]}}],"collection":[{"href":"http:\/\/pracowniamodelarska.pl\/index.php\/wp-json\/wp\/v2\/pages"}],"about":[{"href":"http:\/\/pracowniamodelarska.pl\/index.php\/wp-json\/wp\/v2\/types\/page"}],"author":[{"embeddable":true,"href":"http:\/\/pracowniamodelarska.pl\/index.php\/wp-json\/wp\/v2\/users\/1"}],"replies":[{"embeddable":true,"href":"http:\/\/pracowniamodelarska.pl\/index.php\/wp-json\/wp\/v2\/comments?post=16"}],"version-history":[{"count":5,"href":"http:\/\/pracowniamodelarska.pl\/index.php\/wp-json\/wp\/v2\/pages\/16\/revisions"}],"predecessor-version":[{"id":90,"href":"http:\/\/pracowniamodelarska.pl\/index.php\/wp-json\/wp\/v2\/pages\/16\/revisions\/90"}],"wp:attachment":[{"href":"http:\/\/pracowniamodelarska.pl\/index.php\/wp-json\/wp\/v2\/media?parent=16"}],"curies":[{"name":"wp","href":"https:\/\/api.w.org\/{rel}","templated":true}]}}