{"id":13,"date":"2026-03-06T10:43:14","date_gmt":"2026-03-06T10:43:14","guid":{"rendered":"http:\/\/pracowniamodelarska.pl\/?page_id=13"},"modified":"2026-03-06T11:36:08","modified_gmt":"2026-03-06T11:36:08","slug":"kontakt","status":"publish","type":"page","link":"http:\/\/pracowniamodelarska.pl\/index.php\/kontakt\/","title":{"rendered":"Kontakt"},"content":{"rendered":"\n<h2 class=\"wp-block-heading\">Wszystkich zainteresowanych wsp\u00f3\u0142prac\u0105 b\u0105d\u017a budow\u0105 modelu na zam\u00f3wienie prosimy o kontakt za po\u015brednictwem formularza.<br><\/h2>\n\n\n\n<pre class=\"wp-block-code\"><code><\/code><\/pre>\n\n\n\n<p><\/p>\n","protected":false},"excerpt":{"rendered":"<p>Wszystkich zainteresowanych wsp\u00f3\u0142prac\u0105 b\u0105d\u017a budow\u0105 modelu na zam\u00f3wienie prosimy o kontakt za po\u015brednictwem formularza.<\/p>\n","protected":false},"author":1,"featured_media":0,"parent":0,"menu_order":1,"comment_status":"closed","ping_status":"closed","template":"","meta":{"footnotes":""},"class_list":["post-13","page","type-page","status-publish","hentry"],"yoast_head":"<!-- This site is optimized with the Yoast SEO plugin v27.4 - https:\/\/yoast.com\/product\/yoast-seo-wordpress\/ -->\n<title>Kontakt - PRACOWNIA MODELARSKA<\/title>\n<meta name=\"robots\" content=\"index, follow, max-snippet:-1, max-image-preview:large, max-video-preview:-1\" \/>\n<link rel=\"canonical\" href=\"http:\/\/pracowniamodelarska.pl\/index.php\/kontakt\/\" \/>\n<meta property=\"og:locale\" content=\"pl_PL\" \/>\n<meta property=\"og:type\" content=\"article\" \/>\n<meta property=\"og:title\" content=\"Kontakt - PRACOWNIA MODELARSKA\" \/>\n<meta property=\"og:description\" content=\"Wszystkich zainteresowanych wsp\u00f3\u0142prac\u0105 b\u0105d\u017a budow\u0105 modelu na zam\u00f3wienie prosimy o kontakt za po\u015brednictwem formularza.\" \/>\n<meta property=\"og:url\" content=\"http:\/\/pracowniamodelarska.pl\/index.php\/kontakt\/\" \/>\n<meta property=\"og:site_name\" content=\"PRACOWNIA MODELARSKA\" \/>\n<meta property=\"article:modified_time\" content=\"2026-03-06T11:36:08+00:00\" \/>\n<meta name=\"twitter:card\" content=\"summary_large_image\" \/>\n<meta name=\"twitter:label1\" content=\"Szacowany czas czytania\" \/>\n\t<meta name=\"twitter:data1\" content=\"1 minuta\" \/>\n<script type=\"application\/ld+json\" class=\"yoast-schema-graph\">{\"@context\":\"https:\\\/\\\/schema.org\",\"@graph\":[{\"@type\":\"WebPage\",\"@id\":\"http:\\\/\\\/pracowniamodelarska.pl\\\/index.php\\\/kontakt\\\/\",\"url\":\"http:\\\/\\\/pracowniamodelarska.pl\\\/index.php\\\/kontakt\\\/\",\"name\":\"Kontakt - PRACOWNIA MODELARSKA\",\"isPartOf\":{\"@id\":\"https:\\\/\\\/pracowniamodelarska.pl\\\/#website\"},\"datePublished\":\"2026-03-06T10:43:14+00:00\",\"dateModified\":\"2026-03-06T11:36:08+00:00\",\"breadcrumb\":{\"@id\":\"http:\\\/\\\/pracowniamodelarska.pl\\\/index.php\\\/kontakt\\\/#breadcrumb\"},\"inLanguage\":\"pl-PL\",\"potentialAction\":[{\"@type\":\"ReadAction\",\"target\":[\"http:\\\/\\\/pracowniamodelarska.pl\\\/index.php\\\/kontakt\\\/\"]}]},{\"@type\":\"BreadcrumbList\",\"@id\":\"http:\\\/\\\/pracowniamodelarska.pl\\\/index.php\\\/kontakt\\\/#breadcrumb\",\"itemListElement\":[{\"@type\":\"ListItem\",\"position\":1,\"name\":\"Strona g\u0142\u00f3wna\",\"item\":\"https:\\\/\\\/pracowniamodelarska.pl\\\/\"},{\"@type\":\"ListItem\",\"position\":2,\"name\":\"Kontakt\"}]},{\"@type\":\"WebSite\",\"@id\":\"https:\\\/\\\/pracowniamodelarska.pl\\\/#website\",\"url\":\"https:\\\/\\\/pracowniamodelarska.pl\\\/\",\"name\":\"PRACOWNIA MODELARSKA\",\"description\":\"pasja tworzenia modeli\",\"publisher\":{\"@id\":\"https:\\\/\\\/pracowniamodelarska.pl\\\/#organization\"},\"potentialAction\":[{\"@type\":\"SearchAction\",\"target\":{\"@type\":\"EntryPoint\",\"urlTemplate\":\"https:\\\/\\\/pracowniamodelarska.pl\\\/?s={search_term_string}\"},\"query-input\":{\"@type\":\"PropertyValueSpecification\",\"valueRequired\":true,\"valueName\":\"search_term_string\"}}],\"inLanguage\":\"pl-PL\"},{\"@type\":\"Organization\",\"@id\":\"https:\\\/\\\/pracowniamodelarska.pl\\\/#organization\",\"name\":\"PRACOWNIA MODELARSKA\",\"url\":\"https:\\\/\\\/pracowniamodelarska.pl\\\/\",\"logo\":{\"@type\":\"ImageObject\",\"inLanguage\":\"pl-PL\",\"@id\":\"https:\\\/\\\/pracowniamodelarska.pl\\\/#\\\/schema\\\/logo\\\/image\\\/\",\"url\":\"http:\\\/\\\/pracowniamodelarska.pl\\\/wp-content\\\/uploads\\\/2026\\\/03\\\/pracownia-modelarska-logo-tt.jpg\",\"contentUrl\":\"http:\\\/\\\/pracowniamodelarska.pl\\\/wp-content\\\/uploads\\\/2026\\\/03\\\/pracownia-modelarska-logo-tt.jpg\",\"width\":1024,\"height\":1024,\"caption\":\"PRACOWNIA MODELARSKA\"},\"image\":{\"@id\":\"https:\\\/\\\/pracowniamodelarska.pl\\\/#\\\/schema\\\/logo\\\/image\\\/\"}}]}<\/script>\n<!-- \/ Yoast SEO plugin. -->","yoast_head_json":{"title":"Kontakt - PRACOWNIA MODELARSKA","robots":{"index":"index","follow":"follow","max-snippet":"max-snippet:-1","max-image-preview":"max-image-preview:large","max-video-preview":"max-video-preview:-1"},"canonical":"http:\/\/pracowniamodelarska.pl\/index.php\/kontakt\/","og_locale":"pl_PL","og_type":"article","og_title":"Kontakt - PRACOWNIA MODELARSKA","og_description":"Wszystkich zainteresowanych wsp\u00f3\u0142prac\u0105 b\u0105d\u017a budow\u0105 modelu na zam\u00f3wienie prosimy o kontakt za po\u015brednictwem formularza.","og_url":"http:\/\/pracowniamodelarska.pl\/index.php\/kontakt\/","og_site_name":"PRACOWNIA MODELARSKA","article_modified_time":"2026-03-06T11:36:08+00:00","twitter_card":"summary_large_image","twitter_misc":{"Szacowany czas czytania":"1 minuta"},"schema":{"@context":"https:\/\/schema.org","@graph":[{"@type":"WebPage","@id":"http:\/\/pracowniamodelarska.pl\/index.php\/kontakt\/","url":"http:\/\/pracowniamodelarska.pl\/index.php\/kontakt\/","name":"Kontakt - PRACOWNIA MODELARSKA","isPartOf":{"@id":"https:\/\/pracowniamodelarska.pl\/#website"},"datePublished":"2026-03-06T10:43:14+00:00","dateModified":"2026-03-06T11:36:08+00:00","breadcrumb":{"@id":"http:\/\/pracowniamodelarska.pl\/index.php\/kontakt\/#breadcrumb"},"inLanguage":"pl-PL","potentialAction":[{"@type":"ReadAction","target":["http:\/\/pracowniamodelarska.pl\/index.php\/kontakt\/"]}]},{"@type":"BreadcrumbList","@id":"http:\/\/pracowniamodelarska.pl\/index.php\/kontakt\/#breadcrumb","itemListElement":[{"@type":"ListItem","position":1,"name":"Strona g\u0142\u00f3wna","item":"https:\/\/pracowniamodelarska.pl\/"},{"@type":"ListItem","position":2,"name":"Kontakt"}]},{"@type":"WebSite","@id":"https:\/\/pracowniamodelarska.pl\/#website","url":"https:\/\/pracowniamodelarska.pl\/","name":"PRACOWNIA MODELARSKA","description":"pasja tworzenia modeli","publisher":{"@id":"https:\/\/pracowniamodelarska.pl\/#organization"},"potentialAction":[{"@type":"SearchAction","target":{"@type":"EntryPoint","urlTemplate":"https:\/\/pracowniamodelarska.pl\/?s={search_term_string}"},"query-input":{"@type":"PropertyValueSpecification","valueRequired":true,"valueName":"search_term_string"}}],"inLanguage":"pl-PL"},{"@type":"Organization","@id":"https:\/\/pracowniamodelarska.pl\/#organization","name":"PRACOWNIA MODELARSKA","url":"https:\/\/pracowniamodelarska.pl\/","logo":{"@type":"ImageObject","inLanguage":"pl-PL","@id":"https:\/\/pracowniamodelarska.pl\/#\/schema\/logo\/image\/","url":"http:\/\/pracowniamodelarska.pl\/wp-content\/uploads\/2026\/03\/pracownia-modelarska-logo-tt.jpg","contentUrl":"http:\/\/pracowniamodelarska.pl\/wp-content\/uploads\/2026\/03\/pracownia-modelarska-logo-tt.jpg","width":1024,"height":1024,"caption":"PRACOWNIA MODELARSKA"},"image":{"@id":"https:\/\/pracowniamodelarska.pl\/#\/schema\/logo\/image\/"}}]}},"_links":{"self":[{"href":"http:\/\/pracowniamodelarska.pl\/index.php\/wp-json\/wp\/v2\/pages\/13","targetHints":{"allow":["GET"]}}],"collection":[{"href":"http:\/\/pracowniamodelarska.pl\/index.php\/wp-json\/wp\/v2\/pages"}],"about":[{"href":"http:\/\/pracowniamodelarska.pl\/index.php\/wp-json\/wp\/v2\/types\/page"}],"author":[{"embeddable":true,"href":"http:\/\/pracowniamodelarska.pl\/index.php\/wp-json\/wp\/v2\/users\/1"}],"replies":[{"embeddable":true,"href":"http:\/\/pracowniamodelarska.pl\/index.php\/wp-json\/wp\/v2\/comments?post=13"}],"version-history":[{"count":3,"href":"http:\/\/pracowniamodelarska.pl\/index.php\/wp-json\/wp\/v2\/pages\/13\/revisions"}],"predecessor-version":[{"id":21,"href":"http:\/\/pracowniamodelarska.pl\/index.php\/wp-json\/wp\/v2\/pages\/13\/revisions\/21"}],"wp:attachment":[{"href":"http:\/\/pracowniamodelarska.pl\/index.php\/wp-json\/wp\/v2\/media?parent=13"}],"curies":[{"name":"wp","href":"https:\/\/api.w.org\/{rel}","templated":true}]}}